{"id":704,"date":"2022-06-08T12:21:32","date_gmt":"2022-06-08T15:21:32","guid":{"rendered":"http:\/\/ctgradiva.com.ar\/gradiva\/?page_id=704"},"modified":"2023-06-19T17:32:11","modified_gmt":"2023-06-19T20:32:11","slug":"historia-2","status":"publish","type":"page","link":"https:\/\/ctgradiva.com.ar\/gradiva\/historia-2\/","title":{"rendered":"Historia"},"content":{"rendered":"\n<h3 class=\"wp-block-heading\">GRADIVA ES UNA CASA DE VIDA, UNA CASA URBANA.<\/h3>\n\n\n\n<h1 class=\"wp-block-heading\">-Historia del Centro Terap\u00e9utico Gradiva-<\/h1>\n\n\n\n<h2 class=\"wp-block-heading\">Hoy estamos aqu\u00ed porque no hay ning\u00fan lugar donde escondernos de nosotros mismos<\/h2>\n\n\n\n<p>Un 22 de diciembre de 1972, nace la&nbsp;COMUNIDAD TERAP\u00c9UTICA GRADIVA&nbsp;a instancias de un grupo de profesionales con el objeto de estructurar un nuevo sistema de atenci\u00f3n a patolog\u00edas psic\u00f3ticas, uniendo los conocimientos de la comunidad terap\u00e9utica de Maxwell Jones con los conocimientos del psicoan\u00e1lisis y de la psicolog\u00eda sist\u00e9mica.<br><br>El origen del nombre&nbsp;GRADIVA&nbsp;lo da uno de los primeros trabajos de S. Freud de psicoan\u00e1lisis aplicado.<br>M\u00e1s espec\u00edficamente la Gradiva de Wilhem Jensen, en donde Freud rescata el papel del amor y el vinculo en el tratamiento de la psicosis.<br><br>De ese grupo originario y fundador de Gradiva, solo queda el&nbsp;DR. JUAN ALBERTO YAR\u00cdA, actual&nbsp;DIRECTOR GENERAL INSTITUCIONAL&nbsp;y de los diversos programas terap\u00e9uticos.<br><br>A tono con las nuevas realidades epidemiol\u00f3gicas la&nbsp;COMUNIDAD TERAP\u00c9UTICA GRADIVA&nbsp;comienza, a partir de la d\u00e9cada del 80, a abordar los fen\u00f3menos adictivos ligados a la droga dependencia y al alcoholismo. Para hoy d\u00eda trabajar espec\u00edficamente sobre las patolog\u00edas adictivas con doble diagn\u00f3stico.<\/p>\n","protected":false},"excerpt":{"rendered":"<p>GRADIVA ES UNA CASA DE VIDA, UNA CASA URBANA. -Historia del Centro Terap\u00e9utico Gradiva- Hoy estamos aqu\u00ed porque no hay ning\u00fan lugar donde escondernos de nosotros mismos Un 22 de diciembre de 1972, nace la&nbsp;COMUNIDAD TERAP\u00c9UTICA GRADIVA&nbsp;a instancias de un grupo de profesionales con el objeto de estructurar un nuevo sistema de atenci\u00f3n a patolog\u00edas [&hellip;]<\/p>\n","protected":false},"author":1,"featured_media":0,"parent":0,"menu_order":0,"comment_status":"closed","ping_status":"closed","template":"","meta":{"_monsterinsights_skip_tracking":false,"_monsterinsights_sitenote_active":false,"_monsterinsights_sitenote_note":"","_monsterinsights_sitenote_category":0,"_uf_show_specific_survey":0,"_uf_disable_surveys":false,"footnotes":""},"class_list":["post-704","page","type-page","status-publish","hentry"],"aioseo_notices":[],"_links":{"self":[{"href":"https:\/\/ctgradiva.com.ar\/gradiva\/wp-json\/wp\/v2\/pages\/704","targetHints":{"allow":["GET"]}}],"collection":[{"href":"https:\/\/ctgradiva.com.ar\/gradiva\/wp-json\/wp\/v2\/pages"}],"about":[{"href":"https:\/\/ctgradiva.com.ar\/gradiva\/wp-json\/wp\/v2\/types\/page"}],"author":[{"embeddable":true,"href":"https:\/\/ctgradiva.com.ar\/gradiva\/wp-json\/wp\/v2\/users\/1"}],"replies":[{"embeddable":true,"href":"https:\/\/ctgradiva.com.ar\/gradiva\/wp-json\/wp\/v2\/comments?post=704"}],"version-history":[{"count":3,"href":"https:\/\/ctgradiva.com.ar\/gradiva\/wp-json\/wp\/v2\/pages\/704\/revisions"}],"predecessor-version":[{"id":9038,"href":"https:\/\/ctgradiva.com.ar\/gradiva\/wp-json\/wp\/v2\/pages\/704\/revisions\/9038"}],"wp:attachment":[{"href":"https:\/\/ctgradiva.com.ar\/gradiva\/wp-json\/wp\/v2\/media?parent=704"}],"curies":[{"name":"wp","href":"https:\/\/api.w.org\/{rel}","templated":true}]}}