{"id":578,"date":"2022-04-16T21:33:37","date_gmt":"2022-04-17T00:33:37","guid":{"rendered":"http:\/\/ctgradiva.com.ar\/gradiva\/?page_id=578"},"modified":"2023-06-20T08:23:15","modified_gmt":"2023-06-20T11:23:15","slug":"contacto","status":"publish","type":"page","link":"https:\/\/ctgradiva.com.ar\/gradiva\/contacto\/","title":{"rendered":"Contacto"},"content":{"rendered":"\n<h1 class=\"wp-block-heading\">-Cont\u00e1ctese con nosotros. Podemos ayudarlo.-<\/h1>\n\n\n\n<h2 class=\"wp-block-heading\">Gradiva es una escuela de vida. Ense\u00f1a volver a vivir.<\/h2>\n\n\n\n<h3 class=\"wp-block-heading\">Complete el siguiente formulario; un representante se pondr\u00e1 en contacto a la brevedad.<\/h3>\n\n\n\n<div class=\"wp-block-contact-form-7-contact-form-selector\">\n<div class=\"wpcf7 no-js\" id=\"wpcf7-f162-o1\" lang=\"es-ES\" dir=\"ltr\" data-wpcf7-id=\"162\">\n<div class=\"screen-reader-response\"><p role=\"status\" aria-live=\"polite\" aria-atomic=\"true\"><\/p> <ul><\/ul><\/div>\n<form action=\"\/gradiva\/wp-json\/wp\/v2\/pages\/578#wpcf7-f162-o1\" method=\"post\" class=\"wpcf7-form init\" aria-label=\"Formulario de contacto\" novalidate=\"novalidate\" data-status=\"init\">\n<fieldset class=\"hidden-fields-container\"><input type=\"hidden\" name=\"_wpcf7\" value=\"162\" \/><input type=\"hidden\" name=\"_wpcf7_version\" value=\"6.1.5\" \/><input type=\"hidden\" name=\"_wpcf7_locale\" value=\"es_ES\" \/><input type=\"hidden\" name=\"_wpcf7_unit_tag\" value=\"wpcf7-f162-o1\" \/><input type=\"hidden\" name=\"_wpcf7_container_post\" value=\"0\" \/><input type=\"hidden\" name=\"_wpcf7_posted_data_hash\" value=\"\" \/><input type=\"hidden\" name=\"_uacf7_hidden_conditional_fields\" value=\"\" \/><input type=\"hidden\" name=\"_wpcf7_recaptcha_response\" value=\"\" \/>\n<\/fieldset>\n<div class=\"uacf7-form-wrapper-container uacf7-form-162  \"><label> Tu nombre\n    <span class=\"wpcf7-form-control-wrap\" data-name=\"your-name\"><input size=\"40\" maxlength=\"400\" class=\"wpcf7-form-control wpcf7-text wpcf7-validates-as-required\" aria-required=\"true\" aria-invalid=\"false\" value=\"\" type=\"text\" name=\"your-name\" \/><\/span> <\/label>\n\n<label> Tu correo electr\u00f3nico\n    <span class=\"wpcf7-form-control-wrap\" data-name=\"your-email\"><input size=\"40\" maxlength=\"400\" class=\"wpcf7-form-control wpcf7-email wpcf7-validates-as-required wpcf7-text wpcf7-validates-as-email\" aria-required=\"true\" aria-invalid=\"false\" value=\"\" type=\"email\" name=\"your-email\" \/><\/span> <\/label>\n\n<label> Asunto\n    <span class=\"wpcf7-form-control-wrap\" data-name=\"your-subject\"><input size=\"40\" maxlength=\"400\" class=\"wpcf7-form-control wpcf7-text wpcf7-validates-as-required\" aria-required=\"true\" aria-invalid=\"false\" value=\"\" type=\"text\" name=\"your-subject\" \/><\/span> <\/label>\n\n<label> Tu mensaje (opcional)\n    <span class=\"wpcf7-form-control-wrap\" data-name=\"your-message\"><textarea cols=\"40\" rows=\"10\" maxlength=\"2000\" class=\"wpcf7-form-control wpcf7-textarea\" aria-invalid=\"false\" name=\"your-message\"><\/textarea><\/span> <\/label>\n\n<input class=\"wpcf7-form-control wpcf7-submit has-spinner\" type=\"submit\" value=\"Enviar\" \/>\n\n<\/div><div class=\"wpcf7-response-output\" aria-hidden=\"true\"><\/div>\n<\/form>\n<\/div>\n<\/div>\n\n\n\n<div id=\"section-g1635a0\" class=\"wp-block-gutentor-e1 section-g1635a0 gutentor-element gutentor-element-advanced-text\"><div class=\"gutentor-text-wrap\"><p class=\"gutentor-text\">DONDE ESTAMOS<br>Ciudad Aut\u00f3noma de Buenos Aires &#8211; Argentina<br>Rivadavia 5840\/5944<br>Hortiguera 45<br>Gaona 2028<br>&#8211; &#8211; &#8211; &#8211; &#8211; &#8211; &#8211; &#8211; &#8211; &#8211; &#8211; &#8211; &#8211; &#8211; &#8211; &#8211; &#8211; &#8211; &#8211; &#8211; &#8211; &#8211; &#8211; &#8211; &#8211; &#8211; &#8211; &#8211; &#8211; &#8211; &#8211; &#8211; &#8211;<br>TELEFONOS<br>(011) 4432-2051 \/ 3066 \/ 9704<br>(011) 4431-7581 \/ 9137<br><\/p><\/div><\/div>\n","protected":false},"excerpt":{"rendered":"<p>-Cont\u00e1ctese con nosotros. Podemos ayudarlo.- Gradiva es una escuela de vida. Ense\u00f1a volver a vivir. Complete el siguiente formulario; un representante se pondr\u00e1 en contacto a la brevedad. DONDE ESTAMOSCiudad Aut\u00f3noma de Buenos Aires &#8211; ArgentinaRivadavia 5840\/5944Hortiguera 45Gaona 2028&#8211; &#8211; &#8211; &#8211; &#8211; &#8211; &#8211; &#8211; &#8211; &#8211; &#8211; &#8211; &#8211; &#8211; &#8211; &#8211; &#8211; [&hellip;]<\/p>\n","protected":false},"author":1,"featured_media":0,"parent":0,"menu_order":0,"comment_status":"closed","ping_status":"closed","template":"","meta":{"_monsterinsights_skip_tracking":false,"_monsterinsights_sitenote_active":false,"_monsterinsights_sitenote_note":"","_monsterinsights_sitenote_category":0,"_uf_show_specific_survey":0,"_uf_disable_surveys":false,"footnotes":""},"class_list":["post-578","page","type-page","status-publish","hentry"],"aioseo_notices":[],"_links":{"self":[{"href":"https:\/\/ctgradiva.com.ar\/gradiva\/wp-json\/wp\/v2\/pages\/578","targetHints":{"allow":["GET"]}}],"collection":[{"href":"https:\/\/ctgradiva.com.ar\/gradiva\/wp-json\/wp\/v2\/pages"}],"about":[{"href":"https:\/\/ctgradiva.com.ar\/gradiva\/wp-json\/wp\/v2\/types\/page"}],"author":[{"embeddable":true,"href":"https:\/\/ctgradiva.com.ar\/gradiva\/wp-json\/wp\/v2\/users\/1"}],"replies":[{"embeddable":true,"href":"https:\/\/ctgradiva.com.ar\/gradiva\/wp-json\/wp\/v2\/comments?post=578"}],"version-history":[{"count":4,"href":"https:\/\/ctgradiva.com.ar\/gradiva\/wp-json\/wp\/v2\/pages\/578\/revisions"}],"predecessor-version":[{"id":9039,"href":"https:\/\/ctgradiva.com.ar\/gradiva\/wp-json\/wp\/v2\/pages\/578\/revisions\/9039"}],"wp:attachment":[{"href":"https:\/\/ctgradiva.com.ar\/gradiva\/wp-json\/wp\/v2\/media?parent=578"}],"curies":[{"name":"wp","href":"https:\/\/api.w.org\/{rel}","templated":true}]}}