{"id":561,"date":"2022-04-16T21:30:12","date_gmt":"2022-04-17T00:30:12","guid":{"rendered":"http:\/\/ctgradiva.com.ar\/gradiva\/?page_id=561"},"modified":"2023-06-20T16:15:10","modified_gmt":"2023-06-20T19:15:10","slug":"programas","status":"publish","type":"page","link":"https:\/\/ctgradiva.com.ar\/gradiva\/programas\/","title":{"rendered":"Programas"},"content":{"rendered":"<style>\/*! elementor - v3.14.0 - 14-06-2023 *\/<br \/>\n.elementor-heading-title{padding:0;margin:0;line-height:1}.elementor-widget-heading .elementor-heading-title[class*=elementor-size-]>a{color:inherit;font-size:inherit;line-height:inherit}.elementor-widget-heading .elementor-heading-title.elementor-size-small{font-size:15px}.elementor-widget-heading .elementor-heading-title.elementor-size-medium{font-size:19px}.elementor-widget-heading .elementor-heading-title.elementor-size-large{font-size:29px}.elementor-widget-heading .elementor-heading-title.elementor-size-xl{font-size:39px}.elementor-widget-heading .elementor-heading-title.elementor-size-xxl{font-size:59px}<\/style>\n<h2><\/h2>\n<h3 style=\"margin: 0px; padding: 40px 0px 0px; border: 0px none; font-variant-numeric: inherit; font-variant-east-asian: inherit; font-stretch: inherit; font-size: 40px; line-height: 40px; font-family: Dosis; vertical-align: baseline; outline: 0px; color: #ffffff; text-align: center; text-shadow: rgba(0, 0, 0, 0.1) 2px 2px 2px; white-space: normal; background-color: #eaeaea;\">HASTA QUE NO PERMITA COMPARTIR SUS SECRETOS, ESTO8S NO LE DAR\u00c1N DESCANSO.<\/h3>\n<hgroup style=\"margin: 0px; padding: 0px; border: 0px none; font-variant-numeric: inherit; font-variant-east-asian: inherit; font-stretch: inherit; font-size: 16px; line-height: inherit; font-family: nexa_lightregular; vertical-align: baseline; outline: 0px; color: #000000;\">\n<h1 style=\"margin-top: 0px; margin-bottom: 20px; padding: 0px; border: 0px none; font-style: inherit; font-variant: inherit; font-weight: inherit; font-stretch: inherit; font-size: 40px; line-height: inherit; font-family: Dosis; vertical-align: baseline; outline: 0px; text-align: center; color: #f6a934; text-shadow: rgba(0, 0, 0, 0.1) 2px 2px 2px;\">-Nuestros Programas-<\/h1>\n<h2 style=\"margin-right: 0px; margin-bottom: 20px; margin-left: 0px; padding: 0px; border: 0px none; font-style: italic; font-variant: inherit; font-stretch: inherit; font-size: 18px; line-height: inherit; font-family: nexa_lightregular; vertical-align: baseline; outline: 0px; text-align: center; color: #f9c87d;\">Gradiva es una escuela de vida. Ense\u00f1a volver a vivir.<\/h2>\n<\/hgroup>\n<p style=\"margin-bottom: 0px; padding: 0px 0px 40px; border: 0px none; font: inherit; vertical-align: baseline; outline: 0px; color: #949494;\">Gradiva se caracteriza por tratar\u00a0PATOLOG\u00cdAS DE DOBLE O M\u00daLTIPLE DIAGN\u00d3STICO, es decir una conducta adictiva acompa\u00f1ada por trastornos de tipo psiqui\u00e1trico y\/o personalidad.<\/p>\n<p>Como tal, tiene un abordaje profesional de tipo multidisciplinario, en donde conviven neurociencias, la psiquiatr\u00eda, los abordajes socio-terap\u00e9uticos, la comprensi\u00f3n y la participaci\u00f3n familiar en la terap\u00e9utica de las adicciones, acompa\u00f1ado por un\u00a0ENFOQUE PSICOTERAP\u00c9UTICO INTENSIVO.<br \/>\nA esto se agregan estrategias socioeducativas y de reinserci\u00f3n social.<\/p>\n<p>Todo esto conforma un modelo de comunidad terap\u00e9utica para pacientes con doble diagn\u00f3stico de tipo profesional.<br \/>\nEsta perspectiva tiene un aspecto program\u00e1tico, dividido en\u00a0FASES, siendo las mismas instancias evolutivas del tratamiento.<\/p>\n<p><a style=\"margin: 0px; padding: 30px 25px; border-width: 4px 0px 1px; border-style: solid none; border-image: initial; font-style: inherit; font-variant: inherit; font-weight: inherit; font-stretch: inherit; font-size: 30px; line-height: inherit; font-family: NovecentowideLightBold; vertical-align: baseline; outline: 0px; display: block; background-image: url('..\/images\/flechaAccordWhite.png'); background-position: 900px center; background-repeat: no-repeat; background-color: #6079c9; color: #ffffff; border-color: #d6ddf1 initial #d6ddf1 initial;\" href=\"http:\/\/ctgradiva.com.ar\/programas.php#\">-FASE I<\/a><\/p>\n<p style=\"margin-bottom: 0px; padding: 0px 0px 20px; border: 0px none; font-style: inherit; font-variant: inherit; font-weight: inherit; font-stretch: inherit; font-size: inherit; line-height: inherit; vertical-align: baseline; outline: 0px; color: #949494;\">Abarca los aspectos vinculados a las\u00a0URGENCIAS PSIQUI\u00c1TRICAS, es por regla general el sector de ingreso a Gradiva.<br \/>\nEl trabajo consiste principalmente en lograr la desintoxicaci\u00f3n y compensaci\u00f3n del cuadro de ingreso, as\u00ed como tambi\u00e9n iniciar con el trabajo terap\u00e9utico de manera grupal e individual.<\/p>\n<p>Se busca comenzar a establecer un\u00a0V\u00cdNCULO CON EL EQUIPO TERAP\u00c9UTICO\u00a0tanto con el paciente as\u00ed como con la familia del mismo.<br \/>\nSe comienza a\u00a0PROMOVER H\u00c1BITOS DE SALUD, y a trabajar en el desvincula miento del sujeto de costumbres nocivas para su bienestar.<br \/>\nEs en este sector donde se le asigna un terapeuta al paciente, siendo el mismo a lo largo de todo el tratamiento.<\/p>\n<p>CANTIDAD DE GRUPOS SEMANALES: 12<\/p>\n<p><a style=\"margin: 0px; padding: 30px 25px; border-width: 4px 0px 1px; border-style: solid none; border-image: initial; font-style: inherit; font-variant: inherit; font-weight: inherit; font-stretch: inherit; font-size: 30px; line-height: inherit; font-family: NovecentowideLightBold; vertical-align: baseline; outline: 0px; display: block; background-image: url('..\/images\/flechaAccordWhite.png'); background-position: 900px center; background-repeat: no-repeat; background-color: #6079c9; color: #ffffff; border-color: #d6ddf1 initial #d6ddf1 initial;\" href=\"http:\/\/ctgradiva.com.ar\/programas.php#\">-FASE II-<\/a><\/p>\n<p style=\"margin-bottom: 0px; padding: 0px 0px 20px; border: 0px none; font-style: inherit; font-variant: inherit; font-weight: inherit; font-stretch: inherit; font-size: inherit; line-height: inherit; vertical-align: baseline; outline: 0px; color: #949494;\">Una vez que acaba el periodo de desintoxicaci\u00f3n y\/o compensaci\u00f3n del cuadro base, el paciente pasa a la casa denominada Fase II. Es all\u00ed donde se busca\u00a0ESTABLECER UN COMPROMISO\u00a0a\u00fan m\u00e1s profundo con respecto a la conciencia tanto de situaci\u00f3n como de enfermedad.<\/p>\n<p>Aumenta en este punto la frecuencia de\u00a0GRUPOS SEMANALES, comenzando a tratar tem\u00e1ticas relacionadas con la historia de consumo as\u00ed como la individual.<br \/>\nCobra m\u00e1s fuerza en esta instancia del tratamiento la\u00a0PROMOCI\u00d3N DE H\u00c1BITOS DE SALUD.\u00a0CANTIDAD DE GRUPOS SEMANALES: 18<\/p>\n<p><a style=\"margin: 0px; padding: 30px 25px; border-width: 4px 0px 1px; border-style: solid none; border-image: initial; font-style: inherit; font-variant: inherit; font-weight: inherit; font-stretch: inherit; font-size: 30px; line-height: inherit; font-family: NovecentowideLightBold; vertical-align: baseline; outline: 0px; display: block; background-image: url('..\/images\/flechaAccordWhite.png'); background-position: 900px center; background-repeat: no-repeat; background-color: #6079c9; color: #ffffff; border-color: #d6ddf1 initial #d6ddf1 initial;\" href=\"http:\/\/ctgradiva.com.ar\/programas.php#\">-FASE III-<\/a><\/p>\n<p style=\"margin-bottom: 0px; padding: 0px 0px 20px; border: 0px none; font-style: inherit; font-variant: inherit; font-weight: inherit; font-stretch: inherit; font-size: inherit; line-height: inherit; vertical-align: baseline; outline: 0px; color: #949494;\">El sector de FASE tres se caracteriza por ser la\u00a0\u00daLTIMA INSTANCIA DEL TRATAMIENTO.<br \/>\nLa tem\u00e1tica de la drogadependencia si bien est\u00e1 presente en el los diversos grupos terap\u00e9uticos, queda desplazada a un segundo plano.<br \/>\nTomando de esta manera, los grupos otras caracter\u00edsticas,las mismas son las de intentar\u00a0REVISAR EL PLANO DE LO INDIVIDUAL\u00a0ahondando en los or\u00edgenes de la adicci\u00f3n.<\/p>\n<p>Otra de las caracter\u00edsticas principales de esta instancia del tratamiento, es que la casa de Fase III, se especializa en realizar la\u00a0REINSERCI\u00d3N SOCIAL DEL PACIENTE\u00a0acompa\u00f1ando al mismo en todos los momentos de este proceso.<\/p>\n<p>La disposici\u00f3n del tratamiento escalonado en FASES, hace que el mismo concluya de manera natural en esta casa.<\/p>\n<p>Luego de la etapa residencial, se sucede lo que se denomina como\u00a0&#8220;CASA DE D\u00cdA&#8221;, que tambi\u00e9n se lleva a cabo en este hogar, coincidiendo con el momento de reinserci\u00f3n social.<\/p>\n<p>Para finalmente concluir el recorrido terap\u00e9utico en un tratamiento de caracter\u00edsticas ambulatorias, es decir concluye hacia una\u00a0TERAPIA DE MANTENIMIENTO SEMANAL.<\/p>\n<p>CANTIDAD DE GRUPOS SEMANALES: 22<\/p>\n<p><a style=\"margin: 0px; padding: 30px 25px; border-width: 4px 0px 1px; border-style: solid none; border-image: initial; font-style: inherit; font-variant: inherit; font-weight: inherit; font-stretch: inherit; font-size: 30px; line-height: inherit; font-family: NovecentowideLightBold; vertical-align: baseline; outline: 0px; display: block; background-image: url('..\/images\/flechaAccordWhite.png'); background-position: 900px center; background-repeat: no-repeat; background-color: #6079c9; color: #ffffff; border-color: #d6ddf1 initial #d6ddf1 initial;\" href=\"http:\/\/ctgradiva.com.ar\/programas.php#\">-HORTIGUERA-<\/a><\/p>\n<p style=\"margin-bottom: 0px; padding: 0px 0px 20px; border: 0px none; font-style: inherit; font-variant: inherit; font-weight: inherit; font-stretch: inherit; font-size: inherit; line-height: inherit; vertical-align: baseline; outline: 0px; color: #949494;\">Este sector esta especializado en\u00a0PATOLOG\u00cdAS Y PROBLEMAS DERIVADOS DE LA COMPLEJIDAD DEL DOBLE DIAGNOSTICO:<br \/>\nTRASTORNOS PSIQUI\u00c1TRICOS Y CONSUMO DE DROGAS.<\/p>\n<p>Habitualmente aqu\u00ed tratamos en un entorno de comunidad terap\u00e9utica profesional patolog\u00edas en muchos casos de inicio infantil con una corte de\u00a0S\u00cdNTOMAS DE ANSIEDAD, P\u00c9RDIDA DEL SENTIDO DE REALIDAD, HIPERACTIVIDAD, ETC..\u00a0que fueron manejadas impropiamente por el paciente sin ayudad terap\u00e9utica y que llevaron al uso de drogas y\/o alcohol.<br \/>\nAs\u00ed se va generando una dependencia con cronicidad unida a la patolog\u00eda psiqui\u00e1trica de base.<br \/>\nUna vez tratada la patolog\u00eda adictiva en sus aspectos mas recurenciales y abstinenciales y encontrando ya el paciente un cierto autocontrol de sus impulsos ingresa a la FASE hortiguera en donde se abordara sus patolog\u00edas psic\u00f3ticas.<\/p>\n<p><a style=\"margin: 0px; padding: 30px 25px; border-width: 4px 0px 1px; border-style: solid none; border-image: initial; font-style: inherit; font-variant: inherit; font-weight: inherit; font-stretch: inherit; font-size: 30px; line-height: inherit; font-family: NovecentowideLightBold; vertical-align: baseline; outline: 0px; display: block; background-image: url('..\/images\/flechaAccord.png'); background-position: 900px center; background-repeat: no-repeat; background-color: #ffffff; color: #6079c9; border-color: #d6ddf1 initial #d6ddf1 initial;\" href=\"http:\/\/ctgradiva.com.ar\/programas.php#\">-FASE IV-<\/a><\/p>\n<p><a style=\"margin: 0px; padding: 30px 25px; border-width: 4px 0px 1px; border-style: solid none; border-image: initial; font-style: inherit; font-variant: inherit; font-weight: inherit; font-stretch: inherit; font-size: 30px; line-height: inherit; font-family: NovecentowideLightBold; vertical-align: baseline; outline: 0px; display: block; background-image: url('..\/images\/flechaAccordWhite.png'); background-position: 900px center; background-repeat: no-repeat; background-color: #6079c9; color: #ffffff; border-color: #d6ddf1 initial #d6ddf1 initial;\" href=\"http:\/\/ctgradiva.com.ar\/programas.php#\">-MUJERES-<\/a><\/p>\n<p style=\"margin-bottom: 0px; padding: 0px 0px 20px; border: 0px none; font-style: inherit; font-variant: inherit; font-weight: inherit; font-stretch: inherit; font-size: inherit; line-height: inherit; vertical-align: baseline; outline: 0px; color: #949494;\">La comunidad terap\u00e9utica Gradiva mujeres, es un programa que cuenta con\u00a0DISPOSITIVOS DE INTERNACI\u00d3N,\u00a0HOSPITAL DE D\u00cdA\u00a0y\u00a0TRATAMIENTO AMBULATORIO.<br \/>\nEl Abordaje psicoterap\u00e9utico incluye el tratamiento de patolog\u00edas adictivas, trastornos de alimentaci\u00f3n, cuadros bipolares, juego compulsivo, etc. Combinadas entre s\u00ed o no.<br \/>\nEn otras palabras el eje central de intervenci\u00f3n son las llamadas\u00a0PATOLOG\u00cdAS DE DOBLE O M\u00daLTIPLE DIAGN\u00d3STICO.<\/p>\n<p>La estructuraci\u00f3n del tratamiento, es com\u00fan a los dem\u00e1s sectores, es decir est\u00e1 dividido en FASES siendo estas la etapa de admisi\u00f3n, FASE II y FASE III.<br \/>\nEn nuestros consultorios externos trabajamos sobre distintas problem\u00e1ticas del desarrollo individual (Ej.: Trastornos de conducta, Trastornos de la personalidad, Trastorno de adaptaci\u00f3n, etc.)<\/p>\n<p><a style=\"margin: 0px; padding: 30px 25px; border-width: 4px 0px 1px; border-style: solid none; border-image: initial; font-style: inherit; font-variant: inherit; font-weight: inherit; font-stretch: inherit; font-size: 30px; line-height: inherit; font-family: NovecentowideLightBold; vertical-align: baseline; outline: 0px; display: block; background-image: url('..\/images\/flechaAccordWhite.png'); background-position: 900px center; background-repeat: no-repeat; background-color: #6079c9; color: #ffffff; border-color: #d6ddf1 initial #d6ddf1 initial;\" href=\"http:\/\/ctgradiva.com.ar\/programas.php#\">-Sistemas Multifamiliares y S.O.S. Padres-<\/a><\/p>\n<p style=\"margin-bottom: 0px; padding: 0px 0px 20px; border: 0px none; font-style: inherit; font-variant: inherit; font-weight: inherit; font-stretch: inherit; font-size: inherit; line-height: inherit; vertical-align: baseline; outline: 0px; color: #949494;\">La acci\u00f3n concertada de la\u00a0FAMILIA Y EL EQUIPO TERAP\u00c9UTICO\u00a0son sustanciales para el mejor desarrollo de un programa terap\u00e9utico<br \/>\nSe educa a la familia en la\u00a0COMPRENSI\u00d3N DEL PROCESO ADICTIVO\u00a0y de los procesos que vivi\u00f3 la familia para que se desencadene determinados fen\u00f3menos: duelos, crisis, violencia, abandonos, transiciones varias como migraciones, mudanzas, etc.<br \/>\nSe realizan encuentros de distinto tipo en donde participan familiares que est\u00e1n en distintas etapas de la rehabilitaci\u00f3n e incluso egresados del programa para orientar en el proceso terap\u00e9utico<\/p>\n<p>PERSONAL INTERVINIENTE<\/p>\n<p>Dr. Juan Alberto Yaria<br \/>\nLic. Patricia Armesto<br \/>\nLic. Alfredo Pavon<br \/>\nProf. Osvaldo Lettieri<br \/>\nLic. Gustavo Mart\u00ednez<br \/>\nLic Raul Russino<br \/>\nLic. David Rodr\u00edguez<br \/>\nLic. Sebasti\u00e1n Yaria<\/p>\n","protected":false},"excerpt":{"rendered":"<p>HASTA QUE NO PERMITA COMPARTIR SUS SECRETOS, ESTO8S NO LE DAR\u00c1N DESCANSO. -Nuestros Programas- Gradiva es una escuela de vida. Ense\u00f1a volver a vivir. Gradiva se caracteriza por tratar\u00a0PATOLOG\u00cdAS DE DOBLE O M\u00daLTIPLE DIAGN\u00d3STICO, es decir una conducta adictiva acompa\u00f1ada por trastornos de tipo psiqui\u00e1trico y\/o personalidad. Como tal, tiene un abordaje profesional de tipo [&hellip;]<\/p>\n","protected":false},"author":1,"featured_media":0,"parent":0,"menu_order":0,"comment_status":"closed","ping_status":"closed","template":"","meta":{"_monsterinsights_skip_tracking":false,"_monsterinsights_sitenote_active":false,"_monsterinsights_sitenote_note":"","_monsterinsights_sitenote_category":0,"_uf_show_specific_survey":0,"_uf_disable_surveys":false,"footnotes":""},"class_list":["post-561","page","type-page","status-publish","hentry"],"aioseo_notices":[],"_links":{"self":[{"href":"https:\/\/ctgradiva.com.ar\/gradiva\/wp-json\/wp\/v2\/pages\/561","targetHints":{"allow":["GET"]}}],"collection":[{"href":"https:\/\/ctgradiva.com.ar\/gradiva\/wp-json\/wp\/v2\/pages"}],"about":[{"href":"https:\/\/ctgradiva.com.ar\/gradiva\/wp-json\/wp\/v2\/types\/page"}],"author":[{"embeddable":true,"href":"https:\/\/ctgradiva.com.ar\/gradiva\/wp-json\/wp\/v2\/users\/1"}],"replies":[{"embeddable":true,"href":"https:\/\/ctgradiva.com.ar\/gradiva\/wp-json\/wp\/v2\/comments?post=561"}],"version-history":[{"count":20,"href":"https:\/\/ctgradiva.com.ar\/gradiva\/wp-json\/wp\/v2\/pages\/561\/revisions"}],"predecessor-version":[{"id":9051,"href":"https:\/\/ctgradiva.com.ar\/gradiva\/wp-json\/wp\/v2\/pages\/561\/revisions\/9051"}],"wp:attachment":[{"href":"https:\/\/ctgradiva.com.ar\/gradiva\/wp-json\/wp\/v2\/media?parent=561"}],"curies":[{"name":"wp","href":"https:\/\/api.w.org\/{rel}","templated":true}]}}