{"id":522,"date":"2022-04-16T20:39:37","date_gmt":"2022-04-16T23:39:37","guid":{"rendered":"http:\/\/ctgradiva.com.ar\/gradiva\/?page_id=522"},"modified":"2023-06-19T17:07:15","modified_gmt":"2023-06-19T20:07:15","slug":"filosofia","status":"publish","type":"page","link":"https:\/\/ctgradiva.com.ar\/gradiva\/filosofia\/","title":{"rendered":"Filosof\u00eda"},"content":{"rendered":"<hgroup style=\"margin: 0px; padding: 0px; border: 0px none; font-variant-numeric: inherit; font-variant-east-asian: inherit; font-stretch: inherit; font-size: 16px; line-height: inherit; font-family: nexa_lightregular; vertical-align: baseline; outline: 0px; color: #000000; letter-spacing: normal;\">\n<h1 style=\"margin-right: 0px; margin-bottom: 20px; margin-left: 0px; padding: 0px; border: 0px none; font-style: inherit; font-variant: inherit; font-weight: inherit; font-stretch: inherit; font-size: 40px; line-height: inherit; font-family: Dosis; vertical-align: baseline; outline: 0px; text-align: center; color: #f6a934; text-shadow: rgba(0, 0, 0, 0.1) 2px 2px 2px;\">-Nuestra Filosof\u00eda-<\/h1>\n<h2 style=\"margin-right: 0px; margin-bottom: 40px; margin-left: 0px; padding: 0px; border: 0px none; font-style: italic; font-variant: inherit; font-stretch: inherit; font-size: 24px; line-height: inherit; font-family: Dosis; vertical-align: baseline; outline: 0px; text-align: center; color: #f6a934;\">Gradiva es una escuela de vida. Ense\u00f1a volver a vivir.<\/h2>\n<\/hgroup>\n<p>La rehabilitaci\u00f3n en GRADIVA implica un\u00a0TRI\u00c1NGULO VIRTUOSO\u00a0en donde por un lado el paciente, la familia y el equipo terap\u00e9utico institucional forman un grupo de trabajo.<br \/>Nuestra tarea es ayudar a\u00a0CREAR UN SISTEMA DE MOTIVACI\u00d3N\u00a0en el paciente para trabajar por su recuperaci\u00f3n.<\/p>\n<p>La droga y el alcohol embargaron el sistema motivacional del paciente, el placer qued\u00f3 capturado por el consumo y todo el\u00a0MUNDO QUED\u00d3 OSCURECIDO\u00a0y luce apagado ya sin vida. La desvitalizaci\u00f3n acompa\u00f1a la vida de nuestro paciente cuando no posee ese elixir buscado desde una memoria del placer insistente e hipotecada. Solo importaba el drogarse y la memoria adictiva aprisionaba al sujeto todos los d\u00edas y en todo momento.\u00a0<\/p>\n<p>La\u00a0COLABORACI\u00d3N\u00a0que buscamos renovadamente para inaugurar un proceso de rehabilitaci\u00f3n choca con la abstinencia como uno de los bastiones cr\u00edticos a sortear. Retornan en sue\u00f1os, pensamientos compulsivos, fantas\u00edas diurnas, conversaciones sobre momentos o circunstancias de consumo las distintas situaciones que alejan al paciente de su tratamiento o le hacen sentir que todo intento es vano.la droga y el v\u00ednculo tenazmente destructivo que se gener\u00f3 tienden a fortificarse y a crear la ilusi\u00f3n de que todo intento es vano.\u00a0La enfermedad aparece como incurable.<\/p>\n<p>Gradiva considera que el\u00a0FEN\u00d3MENO ADICTIVO\u00a0debe ser enfocado desde varias vertientes, a saber:<\/p>\n<p>Comunidad terap\u00e9utica profesionalizada\u00a0Psicoterapia intensiva de tipo individual\u00a0\u00a0Terapias familiares y multifamiliares\u00a0Enfoque neuro-psiqui\u00e1trico especifico acorde a cada paciente\u00a0Terapias Grupales\u00a0La filosof\u00eda del tratamiento est\u00e1 acompa\u00f1ada por la idea de\u00a0FASES, teniendo en cuenta as\u00ed los diferentes momentos de la patolog\u00eda.Admisi\u00f3n: Desintoxicaci\u00f3n, deshabituaci\u00f3n. As\u00ed como emergencias psiqui\u00e1tricas sean asociadas al uso de drogas, al diagn\u00f3stico m\u00faltiple de tipo psiqui\u00e1trico o bien psic\u00f3geno.\u00a0Tratamiento Intensivo: Proceso de socializaci\u00f3n en abstinencia, trabajo grupal, familiar y profundizaci\u00f3n del v\u00ednculo terap\u00e9utico.<\/p>\n<p>\u00a0<\/p>\n<p>\u00a0<\/p>\n<p>\u00a0<\/p>\n<p>\u00a0<\/p>\n<p>\u00a0<\/p>\n<p>\u00a0<\/p>\n<p>\u00a0<\/p>\n","protected":false},"excerpt":{"rendered":"<p>-Nuestra Filosof\u00eda- Gradiva es una escuela de vida. Ense\u00f1a volver a vivir. La rehabilitaci\u00f3n en GRADIVA implica un\u00a0TRI\u00c1NGULO VIRTUOSO\u00a0en donde por un lado el paciente, la familia y el equipo terap\u00e9utico institucional forman un grupo de trabajo.Nuestra tarea es ayudar a\u00a0CREAR UN SISTEMA DE MOTIVACI\u00d3N\u00a0en el paciente para trabajar por su recuperaci\u00f3n. La droga y [&hellip;]<\/p>\n","protected":false},"author":1,"featured_media":0,"parent":0,"menu_order":0,"comment_status":"closed","ping_status":"closed","template":"","meta":{"_monsterinsights_skip_tracking":false,"_monsterinsights_sitenote_active":false,"_monsterinsights_sitenote_note":"","_monsterinsights_sitenote_category":0,"_uf_show_specific_survey":0,"_uf_disable_surveys":false,"footnotes":""},"class_list":["post-522","page","type-page","status-publish","hentry"],"aioseo_notices":[],"_links":{"self":[{"href":"https:\/\/ctgradiva.com.ar\/gradiva\/wp-json\/wp\/v2\/pages\/522","targetHints":{"allow":["GET"]}}],"collection":[{"href":"https:\/\/ctgradiva.com.ar\/gradiva\/wp-json\/wp\/v2\/pages"}],"about":[{"href":"https:\/\/ctgradiva.com.ar\/gradiva\/wp-json\/wp\/v2\/types\/page"}],"author":[{"embeddable":true,"href":"https:\/\/ctgradiva.com.ar\/gradiva\/wp-json\/wp\/v2\/users\/1"}],"replies":[{"embeddable":true,"href":"https:\/\/ctgradiva.com.ar\/gradiva\/wp-json\/wp\/v2\/comments?post=522"}],"version-history":[{"count":27,"href":"https:\/\/ctgradiva.com.ar\/gradiva\/wp-json\/wp\/v2\/pages\/522\/revisions"}],"predecessor-version":[{"id":9036,"href":"https:\/\/ctgradiva.com.ar\/gradiva\/wp-json\/wp\/v2\/pages\/522\/revisions\/9036"}],"wp:attachment":[{"href":"https:\/\/ctgradiva.com.ar\/gradiva\/wp-json\/wp\/v2\/media?parent=522"}],"curies":[{"name":"wp","href":"https:\/\/api.w.org\/{rel}","templated":true}]}}